{"id":20,"date":"2024-10-19T22:06:03","date_gmt":"2024-10-19T20:06:03","guid":{"rendered":"http:\/\/pomskyx.cluster029.hosting.ovh.net\/?page_id=20"},"modified":"2024-11-17T10:53:36","modified_gmt":"2024-11-17T09:53:36","slug":"le-pomsky","status":"publish","type":"page","link":"https:\/\/pomskydusud.com\/index.php\/le-pomsky\/","title":{"rendered":"Le pomsky"},"content":{"rendered":"<div data-colibri-id=\"20-c1\" class=\"style-359 style-local-20-c1 position-relative\">\n  <!---->\n  <div data-colibri-component=\"section\" data-colibri-id=\"20-c2\" id=\"titre\" class=\"h-section h-section-global-spacing d-flex align-items-lg-center align-items-md-center align-items-center style-360 style-local-20-c2 position-relative\">\n    <!---->\n    <!---->\n    <div class=\"h-section-grid-container h-section-boxed-container\">\n      <!---->\n      <div data-colibri-id=\"20-c3\" class=\"h-row-container gutters-row-lg-2 gutters-row-md-2 gutters-row-0 gutters-row-v-lg-2 gutters-row-v-md-2 gutters-row-v-2 style-361 style-local-20-c3 position-relative\">\n        <!---->\n        <div class=\"h-row justify-content-lg-center justify-content-md-center justify-content-center align-items-lg-stretch align-items-md-stretch align-items-stretch gutters-col-lg-2 gutters-col-md-2 gutters-col-0 gutters-col-v-lg-2 gutters-col-v-md-2 gutters-col-v-2\">\n          <!---->\n          <div class=\"h-column h-column-container d-flex h-col-lg-auto h-col-md-auto h-col-auto style-362-outer style-local-20-c4-outer\">\n            <div data-colibri-id=\"20-c4\" class=\"d-flex h-flex-basis h-column__inner h-px-lg-2 h-px-md-2 h-px-2 v-inner-lg-2 v-inner-md-2 v-inner-2 style-362 style-local-20-c4 position-relative\">\n              <!---->\n              <!---->\n              <div class=\"w-100 h-y-container h-column__content h-column__v-align flex-basis-100 align-self-lg-start align-self-md-start align-self-start\">\n                <!---->\n                <div data-colibri-id=\"20-c5\" class=\"h-global-transition-all h-heading style-363 style-local-20-c5 position-relative h-element\">\n                  <!---->\n                  <div class=\"h-heading__outer style-363 style-local-20-c5\">\n                    <!---->\n                    <!---->\n                    <h1 class=\"\">Le Pomsky<\/h1>\n                  <\/div>\n                <\/div>\n              <\/div>\n            <\/div>\n          <\/div>\n        <\/div>\n      <\/div>\n    <\/div>\n  <\/div>\n  <div data-colibri-component=\"section\" data-colibri-id=\"20-c6\" id=\"son-histoire\" class=\"h-section h-section-global-spacing d-flex align-items-lg-center align-items-md-center align-items-center style-364 style-local-20-c6 position-relative\">\n    <!---->\n    <!---->\n    <div class=\"h-section-grid-container h-section-boxed-container\">\n      <!---->\n      <div data-colibri-id=\"20-c7\" class=\"h-row-container gutters-row-lg-2 gutters-row-md-2 gutters-row-0 gutters-row-v-lg-2 gutters-row-v-md-2 gutters-row-v-2 style-365 style-local-20-c7 position-relative\">\n        <!---->\n        <div class=\"h-row justify-content-lg-center justify-content-md-center justify-content-center align-items-lg-stretch align-items-md-stretch align-items-stretch gutters-col-lg-2 gutters-col-md-2 gutters-col-0 gutters-col-v-lg-2 gutters-col-v-md-2 gutters-col-v-2\">\n          <!---->\n          <div class=\"h-column h-column-container d-flex h-col-lg-auto h-col-md-auto h-col-auto style-366-outer style-local-20-c8-outer\">\n            <div data-colibri-id=\"20-c8\" class=\"d-flex h-flex-basis h-column__inner h-px-lg-2 h-px-md-2 h-px-2 v-inner-lg-2 v-inner-md-2 v-inner-2 style-366 style-local-20-c8 position-relative\">\n              <!---->\n              <!---->\n              <div class=\"w-100 h-y-container h-column__content h-column__v-align flex-basis-100 align-self-lg-start align-self-md-start align-self-start\">\n                <!---->\n                <div data-colibri-id=\"20-c9\" class=\"h-global-transition-all h-heading style-367 style-local-20-c9 position-relative h-element\">\n                  <!---->\n                  <div class=\"h-heading__outer style-367 style-local-20-c9\">\n                    <!---->\n                    <!---->\n                    <h2 class=\"\">Son histoire<\/h2>\n                  <\/div>\n                <\/div>\n                <div data-colibri-id=\"20-c10\" class=\"h-text h-text-component style-368 style-local-20-c10 position-relative h-element\">\n                  <!---->\n                  <!---->\n                  <div class=\"\">\n                    <p>Le pomsky s\u2019est av\u00e9r\u00e9 \u00eatre le chien id\u00e9al pour vous, en raison de son temp\u00e9rament polyvalent : tant\u00f4t affectueux et \u00ab pot de colle \u00bb, tant\u00f4t plus ind\u00e9pendant, il saura s\u2019adapter \u00e0 toutes les circonstances de votre vie quotidienne.<\/p>\n                  <\/div>\n                <\/div>\n              <\/div>\n            <\/div>\n          <\/div>\n        <\/div>\n      <\/div>\n    <\/div>\n  <\/div>\n  <div data-colibri-component=\"section\" data-colibri-id=\"20-c11\" id=\"ses-standards\" class=\"h-section h-section-global-spacing d-flex align-items-lg-center align-items-md-center align-items-center style-369 style-local-20-c11 position-relative\">\n    <!---->\n    <!---->\n    <div class=\"h-section-grid-container h-section-boxed-container\">\n      <!---->\n      <div data-colibri-id=\"20-c12\" class=\"h-row-container gutters-row-lg-0 gutters-row-md-0 gutters-row-0 gutters-row-v-lg-0 gutters-row-v-md-0 gutters-row-v-0 style-370 style-local-20-c12 position-relative\">\n        <!---->\n        <div class=\"h-row justify-content-lg-center justify-content-md-center justify-content-center align-items-lg-stretch align-items-md-stretch align-items-stretch gutters-col-lg-0 gutters-col-md-0 gutters-col-0 gutters-col-v-lg-0 gutters-col-v-md-0 gutters-col-v-0\">\n          <!---->\n          <div class=\"h-column h-column-container d-flex h-col-lg-auto h-col-md-auto h-col-auto style-371-outer style-local-20-c13-outer\">\n            <div data-colibri-id=\"20-c13\" class=\"d-flex h-flex-basis h-column__inner h-ui-empty-state-container h-px-lg-0 h-px-md-0 h-px-0 v-inner-lg-0 v-inner-md-0 v-inner-0 style-371 style-local-20-c13 position-relative\">\n              <!---->\n              <!---->\n              <div class=\"w-100 h-y-container h-column__content h-column__v-align flex-basis-100\">\n                <!---->\n              <\/div>\n            <\/div>\n          <\/div>\n          <div class=\"h-column h-column-container d-flex h-col-lg-auto h-col-md-auto h-col-auto style-372-outer style-local-20-c14-outer\">\n            <div data-colibri-id=\"20-c14\" class=\"d-flex h-flex-basis h-column__inner h-px-lg-2 h-px-md-2 h-px-2 v-inner-lg-2 v-inner-md-2 v-inner-2 style-372 style-local-20-c14 position-relative\">\n              <!---->\n              <!---->\n              <div class=\"w-100 h-y-container h-column__content h-column__v-align flex-basis-100 align-self-lg-start align-self-md-start align-self-start\">\n                <!---->\n                <div data-colibri-id=\"20-c15\" class=\"h-global-transition-all h-heading style-374 style-local-20-c15 position-relative h-element\">\n                  <!---->\n                  <div class=\"h-heading__outer style-374 style-local-20-c15\">\n                    <!---->\n                    <!---->\n                    <h2 class=\"\">Caract\u00e9ristiques<\/h2>\n                  <\/div>\n                <\/div>\n                <div data-colibri-id=\"20-c16\" class=\"h-text h-text-component style-375 style-local-20-c16 position-relative h-element\">\n                  <!---->\n                  <!---->\n                  <div class=\"\">\n                    <p>Caract\u00e9ristiques morphologiques<\/p>\n                    <p>Comportement<\/p>\n                    <p>Qualit\u00e9s et d\u00e9fauts<\/p>\n                  <\/div>\n                <\/div>\n              <\/div>\n            <\/div>\n          <\/div>\n        <\/div>\n      <\/div>\n    <\/div>\n  <\/div>\n  <div data-colibri-component=\"section\" data-colibri-id=\"20-c17\" id=\"ses-besoins\" class=\"h-section h-section-global-spacing d-flex align-items-lg-center align-items-md-center align-items-center style-376 style-local-20-c17 position-relative\">\n    <!---->\n    <!---->\n    <div class=\"h-section-grid-container h-section-fluid-container\">\n      <!---->\n      <div data-colibri-id=\"20-c18\" class=\"h-row-container gutters-row-lg-0 gutters-row-md-0 gutters-row-2 gutters-row-v-lg-0 gutters-row-v-md-0 gutters-row-v-2 style-377 style-local-20-c18 position-relative\">\n        <!---->\n        <div class=\"h-row justify-content-lg-center justify-content-md-center justify-content-center align-items-lg-stretch align-items-md-stretch align-items-stretch gutters-col-lg-0 gutters-col-md-0 gutters-col-2 gutters-col-v-lg-0 gutters-col-v-md-0 gutters-col-v-2\">\n          <!---->\n          <div class=\"h-column h-column-container d-flex h-col-lg-auto h-col-md-auto h-col-auto style-378-outer style-local-20-c19-outer\">\n            <div data-colibri-id=\"20-c19\" class=\"d-flex h-flex-basis h-column__inner h-px-lg-0 h-px-md-0 h-px-0 v-inner-lg-0 v-inner-md-0 v-inner-0 style-378 style-local-20-c19 position-relative\">\n              <!---->\n              <!---->\n              <div class=\"w-100 h-y-container h-column__content h-column__v-align flex-basis-100 align-self-lg-start align-self-md-start align-self-start\">\n                <!---->\n                <div data-colibri-id=\"20-c20\" class=\"h-global-transition-all h-heading style-380 style-local-20-c20 position-relative h-element\">\n                  <!---->\n                  <div class=\"h-heading__outer style-380 style-local-20-c20\">\n                    <!---->\n                    <!---->\n                    <h2 class=\"\">Besoins<\/h2>\n                  <\/div>\n                <\/div>\n                <div data-colibri-id=\"20-c21\" class=\"h-text h-text-component style-381 style-local-20-c21 position-relative h-element\">\n                  <!---->\n                  <!---->\n                  <div class=\"\">\n                    <p>Petit chien primitif plein d&rsquo;\u00e9nergie et de curiosit\u00e9, il pr\u00e9f\u00e8rera la campagne \u00e0 la ville. Il pourra s&rsquo;adapter \u00e0 la vie en appartement \u00e0 condition de recevoir suffisamment d\u2019exercice et de d\u00e9pense mentale, n\u00e9anmoins une maison avec\n                      un jardin est plus \u00e0 m\u00eame de satisfaire sa curiosit\u00e9.<\/p>\n                    <p>Il sera heureux de vous accompagner partout en voyage et encore plus de parcourir les sentiers, la montagne et de nager en rivi\u00e8re.<\/p>\n                    <p>Aptitudes et sports<\/p>\n                    <p>\n                      <br>\n                    <\/p>\n                    <p>\n                      <br>\n                    <\/p>\n                    <p>\n                      <br>\n                    <\/p>\n                    <p>\n                      <br>\n                    <\/p>\n                    <p>\n                      <br>\n                    <\/p>\n                    <p>m<\/p>\n                  <\/div>\n                <\/div>\n              <\/div>\n            <\/div>\n          <\/div>\n          <div class=\"h-column h-column-container d-flex h-col-lg-auto h-col-md-auto h-col-auto style-386-outer style-local-20-c22-outer\">\n            <div data-colibri-id=\"20-c22\" class=\"d-flex h-flex-basis h-column__inner h-ui-empty-state-container h-px-lg-0 h-px-md-0 h-px-0 v-inner-lg-0 v-inner-md-0 v-inner-0 style-386 style-local-20-c22 position-relative\">\n              <!---->\n              <!---->\n              <div class=\"w-100 h-y-container h-column__content h-column__v-align flex-basis-100\">\n                <!---->\n              <\/div>\n            <\/div>\n          <\/div>\n        <\/div>\n      <\/div>\n    <\/div>\n  <\/div>\n  <div data-colibri-component=\"section\" data-colibri-id=\"20-c23\" id=\"son-caractere\" class=\"h-section h-section-global-spacing d-flex align-items-lg-center align-items-md-center align-items-center style-387 style-local-20-c23 position-relative\">\n    <!---->\n    <!---->\n    <div class=\"h-section-grid-container h-section-boxed-container\">\n      <div data-colibri-id=\"20-c37\" class=\"h-row-container gutters-row-lg-2 gutters-row-md-2 gutters-row-0 gutters-row-v-lg-2 gutters-row-v-md-2 gutters-row-v-2 style-392 style-local-20-c37 position-relative\">\n        <!---->\n        <div class=\"h-row justify-content-lg-center justify-content-md-center justify-content-center align-items-lg-stretch align-items-md-stretch align-items-stretch gutters-col-lg-2 gutters-col-md-2 gutters-col-0 gutters-col-v-lg-2 gutters-col-v-md-2 gutters-col-v-2\">\n          <!---->\n          <div class=\"h-column h-column-container d-flex h-col-lg-auto h-col-md-auto h-col-auto style-393-outer style-local-20-c38-outer\">\n            <div data-colibri-id=\"20-c38\" class=\"d-flex h-flex-basis h-column__inner h-px-lg-2 h-px-md-2 h-px-2 v-inner-lg-2 v-inner-md-2 v-inner-2 style-393 style-local-20-c38 position-relative\">\n              <!---->\n              <!---->\n              <div class=\"w-100 h-y-container h-column__content h-column__v-align flex-basis-100 align-self-lg-start align-self-md-start align-self-start\">\n                <!---->\n                <div data-colibri-id=\"20-c39\" class=\"h-global-transition-all h-heading style-394 style-local-20-c39 position-relative h-element\">\n                  <!---->\n                  <div class=\"h-heading__outer style-394 style-local-20-c39\">\n                    <!---->\n                    <!---->\n                    <h2 class=\"\">Son carat\u00e8re<\/h2>\n                  <\/div>\n                <\/div>\n                <div data-colibri-id=\"20-c40\" class=\"h-lead h-text h-text-component style-395 style-local-20-c40 position-relative h-element\">\n                  <!---->\n                  <!---->\n                  <div class=\"\">\n                    <p>Intelligent, \u00e9nergique, affectueux et curieux. Il sera heureux de vous accompagner partout en voyage et encore plus de parcourir les sentiers, la montagne et de nager en rivi\u00e8re.<\/p>\n                  <\/div>\n                <\/div>\n              <\/div>\n            <\/div>\n          <\/div>\n        <\/div>\n      <\/div>\n      <div data-colibri-id=\"20-c24\" class=\"h-row-container gutters-row-lg-0 gutters-row-md-0 gutters-row-2 gutters-row-v-lg-0 gutters-row-v-md-0 gutters-row-v-0 style-388 style-local-20-c24 position-relative\">\n        <!---->\n        <div class=\"h-row justify-content-lg-center justify-content-md-center justify-content-center align-items-lg-stretch align-items-md-stretch align-items-stretch gutters-col-lg-0 gutters-col-md-0 gutters-col-2 gutters-col-v-lg-0 gutters-col-v-md-0 gutters-col-v-0\">\n          <!---->\n          <div class=\"h-column h-column-container d-flex h-col-lg-3 h-col-md-3 h-col-6 style-389-outer style-local-20-c25-outer\">\n            <div data-colibri-id=\"20-c25\" class=\"d-flex h-flex-basis h-column__inner h-px-lg-0 h-px-md-0 h-px-0 v-inner-lg-0 v-inner-md-0 v-inner-2 style-389 style-local-20-c25 position-relative\">\n              <!---->\n              <!---->\n              <div class=\"w-100 h-y-container h-column__content h-column__v-align flex-basis-100 align-self-lg-start align-self-md-start align-self-start\">\n                <!---->\n                <div data-colibri-id=\"20-c26\" class=\"h-icon style-390 style-local-20-c26 position-relative h-element\">\n                  <!----><span class=\"h-svg-icon h-icon__icon style-390-icon style-local-20-c26-icon\"><!--Icon by Icons8 Line Awesome (https:\/\/icons8.com\/line-awesome)--><svg version=\"1.1\" xmlns=\"http:\/\/www.w3.org\/2000\/svg\" xmlns:xlink=\"http:\/\/www.w3.org\/1999\/xlink\" id=\"cogs\" viewBox=\"0 0 512 545.5\"><path d=\"M344 72h32v22.5c13.256 2.334 25.375 7.58 36 15l15-15 22.5 22.5-15 15c7.42 10.625 12.666 22.744 15 36H472v32h-22.5c-2.357 13.388-7.46 25.802-15 36.5L450 253l-23.5 22-15-16c-10.494 7.212-22.48 12.208-35.5 14.5V296h-32v-22.5c-13.256-2.334-25.375-7.58-36-15l-16.5 17-23-23 17-16.5c-7.42-10.625-12.666-22.744-15-36H248v-32h22.5c2.292-13.02 7.288-25.006 14.5-35.5l-16-15L291 94l16.5 15.5c10.698-7.54 23.112-12.643 36.5-15V72zm16 53c-32.885 0-59 26.115-59 59s26.115 59 59 59 59-26.115 59-59-26.115-59-59-59zm-207.5 94.5l11.5 29c8.477-2.118 17.388-3.5 26.5-3.5 9.13 0 18.015 1.362 26.5 3.5l11.5-29 29.5 12-11.5 29c15.108 9.133 27.874 21.944 37 37l29-11.5 12 29.5-29 11.5c2.118 8.458 3.5 17.388 3.5 26.5s-1.382 18.023-3.5 26.5l29 11.5-12 29.5-29-11.5c-9.107 15.23-21.88 28.264-37 37.5l11.5 28.5-29.5 12L217 459c-8.458 2.138-17.388 3.5-26.5 3.5-9.166 0-17.972-1.345-26.5-3.5l-11.5 28.5-29.5-12 11.5-28.5c-15.37-9.23-28.246-22.145-37.5-37.5L68.5 421l-12-29.5L85 380c-2.138-8.477-3.5-17.388-3.5-26.5s1.362-18.042 3.5-26.5l-28.5-11.5 12-29.5L97 297.5c9.236-15.12 22.27-27.893 37.5-37l-11.5-29zm38 57.5c-42.605 0-77 33.895-77 76.5s34.395 77 77 77 76.5-34.395 76.5-77-33.895-76.5-76.5-76.5z\"><\/path><\/svg><\/span><\/div>\n                <div\n                  data-colibri-id=\"20-c27\" class=\"h-global-transition-all h-heading style-391 style-local-20-c27 position-relative h-element\">\n                  <!---->\n                  <div class=\"h-heading__outer style-391 style-local-20-c27\">\n                    <!---->\n                    <!---->\n                    <h4 class=\"\">Intelligent<\/h4>\n                  <\/div>\n              <\/div>\n            <\/div>\n          <\/div>\n        <\/div>\n        <div class=\"h-column h-column-container d-flex h-col-lg-3 h-col-md-3 h-col-6 style-389-outer style-local-20-c28-outer\">\n          <div data-colibri-id=\"20-c28\" class=\"d-flex h-flex-basis h-column__inner h-px-lg-0 h-px-md-0 h-px-0 v-inner-lg-0 v-inner-md-0 v-inner-2 style-389 style-local-20-c28 position-relative\">\n            <!---->\n            <!---->\n            <div class=\"w-100 h-y-container h-column__content h-column__v-align flex-basis-100 align-self-lg-start align-self-md-start align-self-start\">\n              <!---->\n              <div data-colibri-id=\"20-c29\" class=\"h-icon style-390 style-local-20-c29 position-relative h-element\">\n                <!----><span class=\"h-svg-icon h-icon__icon style-390-icon style-local-20-c29-icon\"><!--Icon by Icons8 Line Awesome (https:\/\/icons8.com\/line-awesome)--><svg version=\"1.1\" xmlns=\"http:\/\/www.w3.org\/2000\/svg\" xmlns:xlink=\"http:\/\/www.w3.org\/1999\/xlink\" id=\"dribbble\" viewBox=\"0 0 512 545.5\"><path d=\"M256 96c105.85 0 192 86.15 192 192s-86.15 192-192 192S64 393.85 64 288 150.15 96 256 96zm0 32c-12.54 0-24.8 1.29-36.5 4 14.702 19.722 36.862 51.194 59.5 93 33.418-12.31 55.308-28.244 69-41.5 6.45-6.243 10.482-11.326 13.5-15.5-28.156-24.737-64.956-40-105.5-40zm-68 15c-44.645 20.86-77.898 61.58-88.5 111 23.763-.043 83.43-2.222 148.5-19.5-23.513-42.464-46.893-74.324-60-91.5zm195.5 48.5c-3.704 4.677-7.98 9.655-13.5 15-16.162 15.648-40.61 33.748-76.5 47.5 4.17 8.565 8.51 17.365 12.5 26.5 17.236-2.054 33.3-3.085 47.5-3 27.235.162 48.227 3.33 62.5 6.5-.847-34.754-12.98-66.68-32.5-92.5zm-121 72C186.397 284.76 117.61 286.22 96 286c-.008.666 0 1.332 0 2 0 40.03 14.822 76.48 39 104.5 20.98-29.046 70.147-87.065 138.5-106-3.574-7.915-7.295-15.545-11-23zm91 45.5c-10.435.012-22.4.76-35 2 12.65 33.376 23.098 69.737 29.5 108 33.982-23.84 58.052-60.39 65.5-103-11.668-2.978-31.434-7.03-60-7zm-67.5 7.5c-62.726 16.106-111.08 75.99-127.5 98.5 26.953 20.67 60.805 33 97.5 33 22.14 0 43.35-4.418 62.5-12.5-6.074-42.44-18.152-82.47-32.5-119z\"><\/path><\/svg><\/span><\/div>\n              <div\n                data-colibri-id=\"20-c30\" class=\"h-global-transition-all h-heading style-391 style-local-20-c30 position-relative h-element\">\n                <!---->\n                <div class=\"h-heading__outer style-391 style-local-20-c30\">\n                  <!---->\n                  <!---->\n                  <h4 class=\"\">Energique<\/h4>\n                <\/div>\n            <\/div>\n          <\/div>\n        <\/div>\n      <\/div>\n      <div class=\"h-column h-column-container d-flex h-col-lg-3 h-col-md-3 h-col-6 style-389-outer style-local-20-c31-outer\">\n        <div data-colibri-id=\"20-c31\" class=\"d-flex h-flex-basis h-column__inner h-px-lg-0 h-px-md-0 h-px-0 v-inner-lg-0 v-inner-md-0 v-inner-2 style-389 style-local-20-c31 position-relative\">\n          <!---->\n          <!---->\n          <div class=\"w-100 h-y-container h-column__content h-column__v-align flex-basis-100 align-self-lg-start align-self-md-start align-self-start\">\n            <!---->\n            <div data-colibri-id=\"20-c32\" class=\"h-icon style-390 style-local-20-c32 position-relative h-element\">\n              <!----><span class=\"h-svg-icon h-icon__icon style-390-icon style-local-20-c32-icon\"><!--Icon by Font Awesome (https:\/\/fontawesome.com)-->\n    <svg version=\"1.1\" xmlns=\"http:\/\/www.w3.org\/2000\/svg\" xmlns:xlink=\"http:\/\/www.w3.org\/1999\/xlink\" id=\"heart-o\" viewBox=\"0 0 1792 1896.0833\">\n      <path d=\"M1664 596q0-81-21.5-143t-55-98.5T1506 295t-94-31-98-8-112 25.5-110.5 64-86.5 72-60 61.5q-18 22-49 22t-49-22q-24-28-60-61.5t-86.5-72-110.5-64T478 256t-98 8-94 31-81.5 59.5-55 98.5T128 596q0 168 187 355l581 560 580-559q188-188 188-356zm128 0q0 221-229 450l-623 600q-18 18-44 18t-44-18l-624-602q-10-8-27.5-26T145 952.5 77 855 23.5 734 0 596q0-220 127-344t351-124q62 0 126.5 21.5t120 58T820 276t76 68q36-36 76-68t95.5-68.5 120-58T1314 128q224 0 351 124t127 344z\"><\/path>\n    <\/svg><\/span><\/div>\n            <div data-colibri-id=\"20-c33\" class=\"h-global-transition-all h-heading style-391 style-local-20-c33 position-relative h-element\">\n              <!---->\n              <div class=\"h-heading__outer style-391 style-local-20-c33\">\n                <!---->\n                <!---->\n                <h4 class=\"\">Affectueux<\/h4>\n              <\/div>\n            <\/div>\n          <\/div>\n        <\/div>\n      <\/div>\n      <div class=\"h-column h-column-container d-flex h-col-lg-3 h-col-md-3 h-col-6 style-389-outer style-local-20-c34-outer\">\n        <div data-colibri-id=\"20-c34\" class=\"d-flex h-flex-basis h-column__inner h-px-lg-0 h-px-md-0 h-px-0 v-inner-lg-0 v-inner-md-0 v-inner-2 style-389 style-local-20-c34 position-relative\">\n          <!---->\n          <!---->\n          <div class=\"w-100 h-y-container h-column__content h-column__v-align flex-basis-100 align-self-lg-start align-self-md-start align-self-start\">\n            <!---->\n            <div data-colibri-id=\"20-c35\" class=\"h-icon style-390 style-local-20-c35 position-relative h-element\">\n              <!----><span class=\"h-svg-icon h-icon__icon style-390-icon style-local-20-c35-icon\"><!--Icon by Icons8 Line Awesome (https:\/\/icons8.com\/line-awesome)--><svg version=\"1.1\" xmlns=\"http:\/\/www.w3.org\/2000\/svg\" xmlns:xlink=\"http:\/\/www.w3.org\/1999\/xlink\" id=\"binoculars\" viewBox=\"0 0 512 545.5\"><path d=\"M176 112c29.713 0 53.785 20.558 61 48h38c7.215-27.442 31.287-48 61-48 31.48 0 56.644 23.064 62 53 30.428 7.807 56.326 27.65 68 56v.5l.5.5L503 324c5.795 13.502 9 28.423 9 44 0 61.666-50.334 112-112 112-55.546 0-101.847-40.826-110.5-94-8.688 8.553-20.476 14-33.5 14s-24.813-5.447-33.5-14c-8.653 53.174-54.954 94-110.5 94C50.334 480 0 429.666 0 368c0-17.54 4.253-34.19 11.5-49l34-95.5h.5c11.496-31.205 37.775-50.882 68-58.5 5.356-29.936 30.52-53 62-53zm0 32c-19.043 0-32 12.957-32 32v14.5l-14.5 1.5c-24.565 2.586-44.21 17.225-53.5 42v.5L64 267c14.557-6.945 30.852-11 48-11 46.792 0 86.797 29.08 103.5 70 8.577-13.29 23.658-22 40.5-22s31.923 8.71 40.5 22c16.703-40.92 56.708-70 103.5-70 17.38 0 33.794 4.377 48.5 11.5l-12-34c-.14-.34-.354-.662-.5-1-9.246-21.422-29.724-37.997-53.5-40.5l-14.5-1.5V176c0-19.043-12.957-32-32-32s-32 12.957-32 32v16h-96v-16c0-19.043-12.957-32-32-32zm-64 144c-32.328 0-59.852 19.073-72.5 46.5-.28.606-.235 1.387-.5 2-4.2 9.743-7 20.17-7 31.5 0 44.372 35.628 80 80 80s80-35.628 80-80-35.628-80-80-80zm288 0c-44.372 0-80 35.628-80 80s35.628 80 80 80 80-35.628 80-80-35.628-80-80-80zm-144 48c-9.026 0-16 6.974-16 16s6.974 16 16 16 16-6.974 16-16-6.974-16-16-16z\"><\/path><\/svg><\/span><\/div>\n            <div\n              data-colibri-id=\"20-c36\" class=\"h-global-transition-all h-heading style-391 style-local-20-c36 position-relative h-element\">\n              <!---->\n              <div class=\"h-heading__outer style-391 style-local-20-c36\">\n                <!---->\n                <!---->\n                <h4 class=\"\">Curieux<\/h4>\n              <\/div>\n          <\/div>\n        <\/div>\n      <\/div>\n    <\/div>\n  <\/div>\n<\/div>\n<\/div>\n<\/div>\n<\/div>","protected":false},"excerpt":{"rendered":"<p>Le Pomsky Son histoire Le pomsky s\u2019est av\u00e9r\u00e9 \u00eatre le chien id\u00e9al pour vous, en raison de son temp\u00e9rament polyvalent : tant\u00f4t affectueux et \u00ab pot de colle \u00bb, tant\u00f4t plus ind\u00e9pendant, il saura s\u2019adapter \u00e0 toutes les circonstances de votre vie quotidienne. Caract\u00e9ristiques Caract\u00e9ristiques morphologiques Comportement Qualit\u00e9s et d\u00e9fauts Besoins Petit chien primitif plein [&hellip;]<\/p>\n","protected":false},"author":1,"featured_media":0,"parent":0,"menu_order":0,"comment_status":"closed","ping_status":"closed","template":"page-templates\/full-width-page.php","meta":{"footnotes":""},"class_list":["post-20","page","type-page","status-publish","hentry"],"_links":{"self":[{"href":"https:\/\/pomskydusud.com\/index.php\/wp-json\/wp\/v2\/pages\/20","targetHints":{"allow":["GET"]}}],"collection":[{"href":"https:\/\/pomskydusud.com\/index.php\/wp-json\/wp\/v2\/pages"}],"about":[{"href":"https:\/\/pomskydusud.com\/index.php\/wp-json\/wp\/v2\/types\/page"}],"author":[{"embeddable":true,"href":"https:\/\/pomskydusud.com\/index.php\/wp-json\/wp\/v2\/users\/1"}],"replies":[{"embeddable":true,"href":"https:\/\/pomskydusud.com\/index.php\/wp-json\/wp\/v2\/comments?post=20"}],"version-history":[{"count":17,"href":"https:\/\/pomskydusud.com\/index.php\/wp-json\/wp\/v2\/pages\/20\/revisions"}],"predecessor-version":[{"id":738,"href":"https:\/\/pomskydusud.com\/index.php\/wp-json\/wp\/v2\/pages\/20\/revisions\/738"}],"wp:attachment":[{"href":"https:\/\/pomskydusud.com\/index.php\/wp-json\/wp\/v2\/media?parent=20"}],"curies":[{"name":"wp","href":"https:\/\/api.w.org\/{rel}","templated":true}]}}