{"id":833,"date":"2025-01-08T21:21:43","date_gmt":"2025-01-08T20:21:43","guid":{"rendered":"https:\/\/pomskydusud.com\/?page_id=833"},"modified":"2025-02-13T19:33:45","modified_gmt":"2025-02-13T18:33:45","slug":"les-chiots","status":"publish","type":"page","link":"https:\/\/pomskydusud.com\/index.php\/les-chiots\/","title":{"rendered":"Les chiots"},"content":{"rendered":"<div data-colibri-id=\"833-c1\" class=\"style-464 style-local-833-c1 position-relative\">\n  <!---->\n  <div data-colibri-component=\"section\" data-colibri-id=\"833-c2\" id=\"custom\" class=\"h-section h-section-global-spacing d-flex align-items-lg-center align-items-md-center align-items-center style-465 style-local-833-c2 position-relative\">\n    <!---->\n    <!---->\n    <div class=\"h-section-grid-container h-section-boxed-container\">\n      <!---->\n      <div data-colibri-id=\"833-c3\" class=\"h-row-container gutters-row-lg-0 gutters-row-md-0 gutters-row-0 gutters-row-v-lg-0 gutters-row-v-md-0 gutters-row-v-0 style-466 style-local-833-c3 position-relative\">\n        <!---->\n        <div class=\"h-row justify-content-lg-center justify-content-md-center justify-content-center align-items-lg-stretch align-items-md-stretch align-items-stretch gutters-col-lg-0 gutters-col-md-0 gutters-col-0 gutters-col-v-lg-0 gutters-col-v-md-0 gutters-col-v-0\">\n          <!---->\n          <div class=\"h-column h-column-container d-flex h-col-lg-auto h-col-md-auto h-col-auto style-467-outer style-local-833-c4-outer\">\n            <div data-colibri-id=\"833-c4\" class=\"d-flex h-flex-basis h-column__inner h-ui-empty-state-container h-px-lg-2 h-px-md-2 h-px-2 v-inner-lg-2 v-inner-md-2 v-inner-2 style-467 style-local-833-c4 position-relative\">\n              <!---->\n              <!---->\n              <div class=\"w-100 h-y-container h-column__content h-column__v-align flex-basis-100\">\n                <!---->\n              <\/div>\n            <\/div>\n          <\/div>\n        <\/div>\n      <\/div>\n      <div data-colibri-id=\"833-c5\" class=\"h-row-container gutters-row-lg-3 gutters-row-md-3 gutters-row-0 gutters-row-v-lg-3 gutters-row-v-md-3 gutters-row-v-3 style-496 style-local-833-c5 position-relative\">\n        <!---->\n        <div class=\"h-row justify-content-lg-center justify-content-md-center justify-content-center align-items-lg-stretch align-items-md-stretch align-items-stretch gutters-col-lg-3 gutters-col-md-3 gutters-col-0 gutters-col-v-lg-3 gutters-col-v-md-3 gutters-col-v-3\">\n          <!---->\n          <div class=\"h-column h-column-container d-flex h-col-lg-auto h-col-md-auto h-col-auto style-497-outer style-local-833-c6-outer\">\n            <div data-colibri-id=\"833-c6\" class=\"d-flex h-flex-basis h-column__inner h-px-lg-1 h-px-md-1 h-px-1 v-inner-lg-1 v-inner-md-1 v-inner-1 style-497 style-local-833-c6 position-relative\">\n              <!---->\n              <!---->\n              <div class=\"w-100 h-y-container h-column__content h-column__v-align flex-basis-100 align-self-lg-start align-self-md-start align-self-start\">\n                <!---->\n                <div data-colibri-id=\"833-c7\" class=\"h-global-transition-all h-heading style-498 style-local-833-c7 position-relative h-element\">\n                  <!---->\n                  <div class=\"h-heading__outer style-498 style-local-833-c7\">\n                    <!---->\n                    <!---->\n                    <h3 class=\"\">Les chiots<\/h3>\n                  <\/div>\n                <\/div>\n              <\/div>\n            <\/div>\n          <\/div>\n        <\/div>\n      <\/div>\n    <\/div>\n  <\/div>\n  <div data-colibri-component=\"section\" data-colibri-id=\"833-c8\" id=\"about-4\" class=\"h-section h-section-global-spacing d-flex align-items-lg-center align-items-md-center align-items-center style-489 style-local-833-c8 position-relative\">\n    <!---->\n    <!---->\n    <div class=\"h-section-grid-container h-section-boxed-container\">\n      <!---->\n      <div data-colibri-id=\"833-c9\" class=\"h-row-container gutters-row-lg-0 gutters-row-md-0 gutters-row-0 gutters-row-v-lg-0 gutters-row-v-md-0 gutters-row-v-0 style-490 style-local-833-c9 position-relative\">\n        <!---->\n        <div class=\"h-row justify-content-lg-center justify-content-md-center justify-content-center align-items-lg-stretch align-items-md-stretch align-items-stretch gutters-col-lg-0 gutters-col-md-0 gutters-col-0 gutters-col-v-lg-0 gutters-col-v-md-0 gutters-col-v-0\">\n          <!---->\n          <div class=\"h-column h-column-container d-flex h-col-lg-auto h-col-md-auto h-col-auto style-491-outer style-local-833-c10-outer\">\n            <div data-colibri-id=\"833-c10\" class=\"d-flex h-flex-basis h-column__inner h-ui-empty-state-container h-px-lg-0 h-px-md-0 h-px-0 v-inner-lg-0 v-inner-md-0 v-inner-0 style-491 style-local-833-c10 position-relative\">\n              <!---->\n              <!---->\n              <div class=\"w-100 h-y-container h-column__content h-column__v-align flex-basis-100\">\n                <!---->\n              <\/div>\n            <\/div>\n          <\/div>\n          <div class=\"h-column h-column-container d-flex h-col-lg-auto h-col-md-auto h-col-auto style-492-outer style-local-833-c11-outer\">\n            <div data-colibri-id=\"833-c11\" class=\"d-flex h-flex-basis h-column__inner h-px-lg-2 h-px-md-2 h-px-2 v-inner-lg-2 v-inner-md-2 v-inner-2 style-492 style-local-833-c11 position-relative\">\n              <!---->\n              <!---->\n              <div class=\"w-100 h-y-container h-column__content h-column__v-align flex-basis-100 align-self-lg-start align-self-md-start align-self-start\">\n                <!---->\n                <div data-colibri-id=\"833-c12\" class=\"h-global-transition-all h-heading style-494 style-local-833-c12 position-relative h-element\">\n                  <!---->\n                  <div class=\"h-heading__outer style-494 style-local-833-c12\">\n                    <!---->\n                    <!---->\n                    <h2 class=\"\">Un nouveau d\u00e9part pour Volt !<\/h2>\n                  <\/div>\n                <\/div>\n                <div data-colibri-id=\"833-c13\" class=\"h-text h-text-component style-495 style-local-833-c13 position-relative h-element\">\n                  <!---->\n                  <!---->\n                  <div class=\"\">\n                    <p><span style=\"font-weight: 400; font-size: 0.9375rem; font-family: var(--font-family-segoe); color: var(--always-white);\">Aujourd\u2019hui est un jour sp\u00e9cial : notre adorable Volt s\u2019envole vers sa nouvelle famille ! Ce petit Pomsky de taille mini, bien charpent\u00e9 et osseux, est estim\u00e9 \u00e0 8\/10 kg \u00e0 l\u2019\u00e2ge adulte. Il arbore une magnifique fourrure laineuse noire et blanche ainsi qu\u2019un tr\u00e8s beau masque qui met en valeur son regard per\u00e7ant. Ses beaux yeux en amande de couleur ambre scrutent son environnement avec calme et intelligence. V\u00e9ritable force tranquille, Volt est un chiot joueur et puissant, mais il sait aussi se poser quand vient le moment.<\/span><\/p>\n                    <p><span style=\"font-weight: 400; font-size: 0.9375rem; font-family: var(--font-family-segoe); color: var(--always-white);\">Il va d\u00e9sormais vivre une belle aventure \u00e0 Paris aux c\u00f4t\u00e9s d\u2019un jeune couple sportif, qui saura lui offrir tout l\u2019amour et l\u2019\u00e9nergie dont il a besoin. M\u00eame si son d\u00e9part est toujours un moment \u00e9mouvant pour nous, nous sommes certains qu\u2019il sera heureux dans sa nouvelle famille.<\/span><\/p>\n                    <p><span style=\"font-weight: 400; font-size: 0.9375rem; font-family: var(--font-family-segoe); color: var(--always-white);\">Nous lui souhaitons une vie remplie de joie, d\u2019amour et de belles d\u00e9couvertes !<\/span><\/p>\n                    <p><span style=\"font-weight: 400; font-size: 0.9375rem; font-family: var(--font-family-segoe); color: var(--always-white);\">Bonne route, petit Volt !<\/span><\/p>\n                  <\/div>\n                <\/div>\n              <\/div>\n            <\/div>\n          <\/div>\n        <\/div>\n      <\/div>\n    <\/div>\n  <\/div>\n  <div data-colibri-component=\"section\" data-colibri-id=\"833-c14\" id=\"about\" class=\"h-section h-section-global-spacing d-flex align-items-lg-center align-items-md-center align-items-center style-499 style-local-833-c14 position-relative\">\n    <!---->\n    <!---->\n    <div class=\"h-section-grid-container h-section-boxed-container\">\n      <!---->\n      <div data-colibri-id=\"833-c15\" class=\"h-row-container gutters-row-lg-0 gutters-row-md-0 gutters-row-0 gutters-row-v-lg-0 gutters-row-v-md-0 gutters-row-v-0 style-500 style-local-833-c15 position-relative\">\n        <!---->\n        <div class=\"h-row justify-content-lg-center justify-content-md-center justify-content-center align-items-lg-stretch align-items-md-stretch align-items-stretch gutters-col-lg-0 gutters-col-md-0 gutters-col-0 gutters-col-v-lg-0 gutters-col-v-md-0 gutters-col-v-0\">\n          <!---->\n          <div class=\"h-column h-column-container d-flex h-col-lg-auto h-col-md-auto h-col-auto style-501-outer style-local-833-c16-outer\">\n            <div data-colibri-id=\"833-c16\" class=\"d-flex h-flex-basis h-column__inner h-px-lg-0 h-px-md-0 h-px-0 v-inner-lg-0 v-inner-md-0 v-inner-0 style-501 style-local-833-c16 position-relative\">\n              <!---->\n              <!---->\n              <div class=\"w-100 h-y-container h-column__content h-column__v-align flex-basis-100 align-self-lg-start align-self-md-start align-self-start\">\n                <!---->\n                <div data-colibri-id=\"833-c18\" class=\"h-global-transition-all h-heading style-503 style-local-833-c18 position-relative h-element\">\n                  <!---->\n                  <div class=\"h-heading__outer style-503 style-local-833-c18\">\n                    <!---->\n                    <!---->\n                    <h2 class=\"\">Valko, vif et malicieux<\/h2>\n                  <\/div>\n                <\/div>\n                <div data-colibri-id=\"833-c19\" class=\"h-text h-text-component style-504 style-local-833-c19 position-relative h-element\">\n                  <!---->\n                  <!---->\n                  <div class=\"\">\n                    <p>Valko, un adorable petit Pomsky au temp\u00e9rament vif et malicieux, promet de devenir un compagnon plein d\u2019\u00e9nergie. Estim\u00e9 \u00e0 5 \u00e0 6 kg \u00e0 l\u2019\u00e2ge adulte, il arbore une magnifique fourrure polaire plush grise, douce et dense, qui lui donne\n                      une allure majestueuse. Ses yeux vairons, l\u2019un d\u2019un bleu azur profond, l\u2019autre d\u2019un ambre chaleureux, refl\u00e8tent toute son expressivit\u00e9 et sa malice.<\/p>\n                    <p>Particularit\u00e9 h\u00e9rit\u00e9e de sa maman, son masque invers\u00e9 lui conf\u00e8re un charme unique, accentu\u00e9 par sa petite truffe des neiges. V\u00e9ritable boute-en-train, Valko d\u00e9borde d\u2019\u00e9nergie, toujours pr\u00eat \u00e0 sauter, courir et jouer. Rien n\u2019\u00e9chappe\n                      \u00e0 son enthousiasme, et chaque moment est une nouvelle occasion de s\u2019amuser. Amoureux des balades, il est le parfait compagnon pour des aventures dynamiques et pleines de vie !<\/p>\n                  <\/div>\n                <\/div>\n              <\/div>\n            <\/div>\n          <\/div>\n          <div class=\"h-column h-column-container d-flex h-col-lg-auto h-col-md-auto h-col-auto style-505-outer style-local-833-c20-outer\">\n            <div data-colibri-id=\"833-c20\" class=\"d-flex h-flex-basis h-column__inner h-ui-empty-state-container h-px-lg-2 h-px-md-2 h-px-2 v-inner-lg-2 v-inner-md-2 v-inner-2 style-505 style-local-833-c20 position-relative\">\n              <!---->\n              <!---->\n              <div class=\"w-100 h-y-container h-column__content h-column__v-align flex-basis-100\">\n                <!---->\n              <\/div>\n            <\/div>\n          <\/div>\n        <\/div>\n      <\/div>\n    <\/div>\n  <\/div>\n  <div data-colibri-component=\"section\" data-colibri-id=\"833-c21\" id=\"about-2\" class=\"h-section h-section-global-spacing d-flex align-items-lg-center align-items-md-center align-items-center style-506 style-local-833-c21 position-relative\">\n    <!---->\n    <!---->\n    <div class=\"h-section-grid-container h-section-boxed-container\">\n      <!---->\n      <div data-colibri-id=\"833-c22\" class=\"h-row-container gutters-row-lg-0 gutters-row-md-0 gutters-row-0 gutters-row-v-lg-0 gutters-row-v-md-0 gutters-row-v-0 style-507 style-local-833-c22 position-relative\">\n        <!---->\n        <div class=\"h-row justify-content-lg-center justify-content-md-center justify-content-center align-items-lg-stretch align-items-md-stretch align-items-stretch gutters-col-lg-0 gutters-col-md-0 gutters-col-0 gutters-col-v-lg-0 gutters-col-v-md-0 gutters-col-v-0\">\n          <!---->\n          <div class=\"h-column h-column-container d-flex h-col-lg-auto h-col-md-auto h-col-auto style-508-outer style-local-833-c23-outer\">\n            <div data-colibri-id=\"833-c23\" class=\"d-flex h-flex-basis h-column__inner h-ui-empty-state-container h-px-lg-0 h-px-md-0 h-px-0 v-inner-lg-0 v-inner-md-0 v-inner-0 style-508 style-local-833-c23 position-relative\">\n              <!---->\n              <!---->\n              <div class=\"w-100 h-y-container h-column__content h-column__v-align flex-basis-100\">\n                <!---->\n              <\/div>\n            <\/div>\n          <\/div>\n          <div class=\"h-column h-column-container d-flex h-col-lg-auto h-col-md-auto h-col-auto style-509-outer style-local-833-c24-outer\">\n            <div data-colibri-id=\"833-c24\" class=\"d-flex h-flex-basis h-column__inner h-px-lg-2 h-px-md-2 h-px-2 v-inner-lg-2 v-inner-md-2 v-inner-2 style-509 style-local-833-c24 position-relative\">\n              <!---->\n              <!---->\n              <div class=\"w-100 h-y-container h-column__content h-column__v-align flex-basis-100 align-self-lg-start align-self-md-start align-self-start\">\n                <!---->\n                <div data-colibri-id=\"833-c26\" class=\"h-global-transition-all h-heading style-511 style-local-833-c26 position-relative h-element\">\n                  <!---->\n                  <div class=\"h-heading__outer style-511 style-local-833-c26\">\n                    <!---->\n                    <!---->\n                    <h2 class=\"\">Viking, le petit coquin<\/h2>\n                  <\/div>\n                <\/div>\n                <div data-colibri-id=\"833-c27\" class=\"h-text h-text-component style-512 style-local-833-c27 position-relative h-element\">\n                  <!---->\n                  <!---->\n                  <div class=\"\">\n                    <p>Viking, surnomm\u00e9 Roudoudou, est un petit coquin au regard irr\u00e9sistible et \u00e0 la bouille \u00e0 bisous. Compact et osseux, il devrait atteindre environ 5 kg \u00e0 l\u2019\u00e2ge adulte. Ses yeux d\u2019un m\u00e9lange de noisette et de gris brillent de malice,\n                      et sa fourrure \u00ab whooly \u00bb noire et blanche est d\u2019une douceur incroyable. Son masque invers\u00e9 est magnifiquement orn\u00e9 d\u2019une flamme blanche, ce qui le rend encore plus unique. Toujours d\u00e9bordant d\u2019\u00e9nergie, il est presque impossible\n                      de le mettre en pause. V\u00e9ritable chouchou de sa maman, il charme tout le monde avec son allure de petit nounours, et les passants ne peuvent s\u2019emp\u00eacher de fondre devant lui.<\/p>\n                  <\/div>\n                <\/div>\n              <\/div>\n            <\/div>\n          <\/div>\n        <\/div>\n      <\/div>\n    <\/div>\n  <\/div>\n  <div data-colibri-component=\"section\" data-colibri-id=\"833-c28\" id=\"about-3\" class=\"h-section h-section-global-spacing d-flex align-items-lg-center align-items-md-center align-items-center style-513 style-local-833-c28 position-relative\">\n    <!---->\n    <!---->\n    <div class=\"h-section-grid-container h-section-boxed-container\">\n      <!---->\n      <div data-colibri-id=\"833-c29\" class=\"h-row-container gutters-row-lg-0 gutters-row-md-0 gutters-row-0 gutters-row-v-lg-0 gutters-row-v-md-0 gutters-row-v-0 style-514 style-local-833-c29 position-relative\">\n        <!---->\n        <div class=\"h-row justify-content-lg-center justify-content-md-center justify-content-center align-items-lg-stretch align-items-md-stretch align-items-stretch gutters-col-lg-0 gutters-col-md-0 gutters-col-0 gutters-col-v-lg-0 gutters-col-v-md-0 gutters-col-v-0\">\n          <!---->\n          <div class=\"h-column h-column-container d-flex h-col-lg-auto h-col-md-auto h-col-auto style-515-outer style-local-833-c30-outer\">\n            <div data-colibri-id=\"833-c30\" class=\"d-flex h-flex-basis h-column__inner h-px-lg-0 h-px-md-0 h-px-0 v-inner-lg-0 v-inner-md-0 v-inner-0 style-515 style-local-833-c30 position-relative\">\n              <!---->\n              <!---->\n              <div class=\"w-100 h-y-container h-column__content h-column__v-align flex-basis-100 align-self-lg-start align-self-md-start align-self-start\">\n                <!---->\n                <div data-colibri-id=\"833-c32\" class=\"h-global-transition-all h-heading style-517 style-local-833-c32 position-relative h-element\">\n                  <!---->\n                  <div class=\"h-heading__outer style-517 style-local-833-c32\">\n                    <!---->\n                    <!---->\n                    <h2 class=\"\">Vargo, le charmeur de la port\u00e9e<\/h2>\n                  <\/div>\n                <\/div>\n                <div data-colibri-id=\"833-c33\" class=\"h-text h-text-component style-518 style-local-833-c33 position-relative h-element\">\n                  <!---->\n                  <!---->\n                  <div class=\"\">\n                    <p>Vargo est un adorable petit mini, dont le poids adulte est estim\u00e9 entre 6 et 8 kg. V\u00e9ritable bijou, il arbore une magnifique fourrure polaire plush aux nuances dor\u00e9es et agouti, rehauss\u00e9e par un masque qui met en valeur son regard\n                      unique : un \u0153il bleu azur et l\u2019autre marron. D\u2019un temp\u00e9rament \u00e0 la fois joueur et pos\u00e9, il est le compagnon id\u00e9al, toujours pr\u00eat \u00e0 partager amour et c\u00e2lins. Avec son charme naturel et sa douceur, Vargo fera fondre tous ceux qui croiseront\n                      son chemin.<\/p>\n                  <\/div>\n                <\/div>\n              <\/div>\n            <\/div>\n          <\/div>\n          <div class=\"h-column h-column-container d-flex h-col-lg-auto h-col-md-auto h-col-auto style-519-outer style-local-833-c34-outer\">\n            <div data-colibri-id=\"833-c34\" class=\"d-flex h-flex-basis h-column__inner h-ui-empty-state-container h-px-lg-2 h-px-md-2 h-px-2 v-inner-lg-2 v-inner-md-2 v-inner-2 style-519 style-local-833-c34 position-relative\">\n              <!---->\n              <!---->\n              <div class=\"w-100 h-y-container h-column__content h-column__v-align flex-basis-100\">\n                <!---->\n              <\/div>\n            <\/div>\n          <\/div>\n        <\/div>\n      <\/div>\n    <\/div>\n  <\/div>\n<\/div>","protected":false},"excerpt":{"rendered":"<p>Les chiots Un nouveau d\u00e9part pour Volt ! Aujourd\u2019hui est un jour sp\u00e9cial : notre adorable Volt s\u2019envole vers sa nouvelle famille ! Ce petit Pomsky de taille mini, bien charpent\u00e9 et osseux, est estim\u00e9 \u00e0 8\/10 kg \u00e0 l\u2019\u00e2ge adulte. Il arbore une magnifique fourrure laineuse noire et blanche ainsi qu\u2019un tr\u00e8s beau masque [&hellip;]<\/p>\n","protected":false},"author":1,"featured_media":0,"parent":0,"menu_order":0,"comment_status":"closed","ping_status":"closed","template":"page-templates\/full-width-page.php","meta":{"footnotes":""},"class_list":["post-833","page","type-page","status-publish","hentry"],"_links":{"self":[{"href":"https:\/\/pomskydusud.com\/index.php\/wp-json\/wp\/v2\/pages\/833","targetHints":{"allow":["GET"]}}],"collection":[{"href":"https:\/\/pomskydusud.com\/index.php\/wp-json\/wp\/v2\/pages"}],"about":[{"href":"https:\/\/pomskydusud.com\/index.php\/wp-json\/wp\/v2\/types\/page"}],"author":[{"embeddable":true,"href":"https:\/\/pomskydusud.com\/index.php\/wp-json\/wp\/v2\/users\/1"}],"replies":[{"embeddable":true,"href":"https:\/\/pomskydusud.com\/index.php\/wp-json\/wp\/v2\/comments?post=833"}],"version-history":[{"count":9,"href":"https:\/\/pomskydusud.com\/index.php\/wp-json\/wp\/v2\/pages\/833\/revisions"}],"predecessor-version":[{"id":887,"href":"https:\/\/pomskydusud.com\/index.php\/wp-json\/wp\/v2\/pages\/833\/revisions\/887"}],"wp:attachment":[{"href":"https:\/\/pomskydusud.com\/index.php\/wp-json\/wp\/v2\/media?parent=833"}],"curies":[{"name":"wp","href":"https:\/\/api.w.org\/{rel}","templated":true}]}}